{"id":169,"date":"2019-02-14T16:15:27","date_gmt":"2019-02-14T16:15:27","guid":{"rendered":"http:\/\/ff-heimberg.de\/?page_id=169"},"modified":"2019-02-14T16:20:57","modified_gmt":"2019-02-14T16:20:57","slug":"aktive","status":"publish","type":"page","link":"https:\/\/ff-heimberg.de\/aktive\/","title":{"rendered":"Aktive"},"content":{"rendered":"<p>Unsere Feuerwehr z\u00e4hlt zur Zeit ca. 40 aktive Mitglieder, die sich regelm\u00e4\u00dfig am aktiven Geschehen wie \u00dcbungen, Fortbildungen, Leistungsabzeichen und an Eins\u00e4tzen beteiligen.<br \/>\nSeit dem Neubau unseres Feuerwehrhauses im Jahre 1987, steht uns eine gro\u00dfz\u00fcgige Fahrzeughalle zur Unterbringung unserer Ger\u00e4tschaften und unseres L\u00f6schfahrzeuges, eines TSF Baujahr 2006, zur Verf\u00fcgung.<br \/>\nIm Unterrichtraum k\u00f6nnen Informations- und Schulungsveranstaltungen abgehalten werden.<br \/>\nUm unseren Wissensstand auf dem Laufenden zu halten, f\u00fchren wir regelm\u00e4\u00dfig \u00dcbungen am Objekt, sowie Unterrichtsabende, Fortbildungen und nat\u00fcrlich die entsprechenden Leistungspr\u00fcfungen durc.<\/p>\n","protected":false},"excerpt":{"rendered":"<p>Unsere Feuerwehr z\u00e4hlt zur Zeit ca. 40 aktive Mitglieder, die sich regelm\u00e4\u00dfig am aktiven Geschehen wie \u00dcbungen, Fortbildungen, Leistungsabzeichen und an Eins\u00e4tzen beteiligen. Seit dem Neubau unseres Feuerwehrhauses im Jahre 1987, steht uns eine gro\u00dfz\u00fcgige Fahrzeughalle zur Unterbringung unserer Ger\u00e4tschaften und unseres L\u00f6schfahrzeuges, eines TSF Baujahr 2006, zur Verf\u00fcgung. Im Unterrichtraum k\u00f6nnen Informations- und Schulungsveranstaltungen&nbsp;&hellip;<\/p>\n","protected":false},"author":1,"featured_media":0,"parent":0,"menu_order":0,"comment_status":"closed","ping_status":"closed","template":"","meta":{"footnotes":""},"class_list":["post-169","page","type-page","status-publish","hentry"],"_links":{"self":[{"href":"https:\/\/ff-heimberg.de\/wp-json\/wp\/v2\/pages\/169","targetHints":{"allow":["GET"]}}],"collection":[{"href":"https:\/\/ff-heimberg.de\/wp-json\/wp\/v2\/pages"}],"about":[{"href":"https:\/\/ff-heimberg.de\/wp-json\/wp\/v2\/types\/page"}],"author":[{"embeddable":true,"href":"https:\/\/ff-heimberg.de\/wp-json\/wp\/v2\/users\/1"}],"replies":[{"embeddable":true,"href":"https:\/\/ff-heimberg.de\/wp-json\/wp\/v2\/comments?post=169"}],"version-history":[{"count":3,"href":"https:\/\/ff-heimberg.de\/wp-json\/wp\/v2\/pages\/169\/revisions"}],"predecessor-version":[{"id":177,"href":"https:\/\/ff-heimberg.de\/wp-json\/wp\/v2\/pages\/169\/revisions\/177"}],"wp:attachment":[{"href":"https:\/\/ff-heimberg.de\/wp-json\/wp\/v2\/media?parent=169"}],"curies":[{"name":"wp","href":"https:\/\/api.w.org\/{rel}","templated":true}]}}